{"id":1962,"date":"2018-11-22T13:09:49","date_gmt":"2018-11-22T12:09:49","guid":{"rendered":"http:\/\/www.companiamisionera.es\/?page_id=1962"},"modified":"2023-11-30T12:59:56","modified_gmt":"2023-11-30T11:59:56","slug":"spiritualite","status":"publish","type":"page","link":"https:\/\/www.companiamisionera.es\/fr\/spiritualite\/","title":{"rendered":"Spiritualit\u00e9"},"content":{"rendered":"<p>\u00ab Cette exp\u00e9rience de l\u2019Esprit, qui donne son \u00eatre \u00e0 la Compagnie, se d\u00e9veloppe \u00e0 partir de la spiritualit\u00e9 ignatienne. C\u2019est ainsi que nous trouvons les fondements th\u00e9ologiques et spirituels qui donnent de la solidit\u00e9 \u00e0 notre spiritualit\u00e9, dans l\u2019approfondissement et la contemplation du C\u0153ur du Christ, centre unificateur de tout l\u2019Evangile, et aussi dans la spiritualit\u00e9 ignatienne qui nous am\u00e8ne \u00e0 vivre, dans une int\u00e9gration harmonieuse, la vie int\u00e9rieure et l\u2019engagement, la vie de pri\u00e8re et la vie active. \u00bb (Const. N\u00ba7)<\/p>\n","protected":false},"excerpt":{"rendered":"<p>\u00ab Cette exp\u00e9rience de l\u2019Esprit, qui donne son \u00eatre \u00e0 la Compagnie, se d\u00e9veloppe \u00e0 partir de la spiritualit\u00e9 ignatienne. C\u2019est ainsi que nous trouvons les fondements th\u00e9ologiques et spirituels qui donnent de la solidit\u00e9 \u00e0 notre spiritualit\u00e9, dans l\u2019approfondissement et la contemplation du C\u0153ur du Christ, centre unificateur de tout l\u2019Evangile, et aussi dans &hellip; <\/p>\n<p class=\"link-more\"><a href=\"https:\/\/www.companiamisionera.es\/fr\/spiritualite\/\" class=\"more-link\">Continue reading<span class=\"screen-reader-text\"> \u00ab\u00a0Spiritualit\u00e9\u00a0\u00bb<\/span><\/a><\/p>\n","protected":false},"author":3,"featured_media":2735,"parent":0,"menu_order":0,"comment_status":"closed","ping_status":"closed","template":"page-espiritualidad.php","meta":{"footnotes":""},"class_list":["post-1962","page","type-page","status-publish","has-post-thumbnail","hentry"],"_links":{"self":[{"href":"https:\/\/www.companiamisionera.es\/fr\/wp-json\/wp\/v2\/pages\/1962\/"}],"collection":[{"href":"https:\/\/www.companiamisionera.es\/fr\/wp-json\/wp\/v2\/pages\/"}],"about":[{"href":"https:\/\/www.companiamisionera.es\/fr\/wp-json\/wp\/v2\/types\/page\/"}],"author":[{"embeddable":true,"href":"https:\/\/www.companiamisionera.es\/fr\/wp-json\/wp\/v2\/users\/3\/"}],"replies":[{"embeddable":true,"href":"https:\/\/www.companiamisionera.es\/fr\/wp-json\/wp\/v2\/comments\/?post=1962"}],"version-history":[{"count":4,"href":"https:\/\/www.companiamisionera.es\/fr\/wp-json\/wp\/v2\/pages\/1962\/revisions\/"}],"predecessor-version":[{"id":3978,"href":"https:\/\/www.companiamisionera.es\/fr\/wp-json\/wp\/v2\/pages\/1962\/revisions\/3978\/"}],"wp:featuredmedia":[{"embeddable":true,"href":"https:\/\/www.companiamisionera.es\/fr\/wp-json\/wp\/v2\/media\/2735\/"}],"wp:attachment":[{"href":"https:\/\/www.companiamisionera.es\/fr\/wp-json\/wp\/v2\/media\/?parent=1962"}],"curies":[{"name":"wp","href":"https:\/\/api.w.org\/{rel}","templated":true}]}}