{"id":1887,"date":"2018-11-22T12:47:13","date_gmt":"2018-11-22T11:47:13","guid":{"rendered":"http:\/\/www.companiamisionera.es\/?page_id=1887"},"modified":"2019-02-14T13:14:51","modified_gmt":"2019-02-14T12:14:51","slug":"expansion-missionnaire","status":"publish","type":"page","link":"https:\/\/www.companiamisionera.es\/fr\/identite\/expansion-missionnaire\/","title":{"rendered":"Expansion Missionnaire"},"content":{"rendered":"<p><strong>NOTRE PREMI\u00c8RE EXPANSION G\u00c9OGRAPHIQUE HORS D\u2019ESPAGNE<\/strong><\/p>\n<p><span class=\"txt-rojo\">\u00c0 L\u2019INDE:<\/span><br \/>\nEn D\u00e9cembre 1950, quatre missionnaires sont parties pour \u00e9tablir notre premi\u00e8re maison en <strong>Surat<\/strong>, dans l\u2019Archidioc\u00e8se de Bombay, en se faisant charge d\u2019une L\u00e9proserie.<\/p>\n<p><span class=\"txt-rojo\">AU P\u00c9ROU:<\/span><br \/>\nAussi en 1950, autres six Missionnaires sont parties pour prendre \u00e0 charge le travail \u00e9ducatif, m\u00e9dical et social de <strong>Lagunas<\/strong>, Vicariat Apostolique de Saint Gabriel du Mara\u00f1\u00f3n.<\/p>\n<p><span class=\"txt-rojo\">AUX \u00c9TATS UNIS:<\/span><br \/>\nEn l\u2019\u00e9t\u00e9 de 1958, trois Soeurs ont pris la charge d\u2019une \u00e9cole anglo-parlante et la cat\u00e9ch\u00e8se de la Mission de Mexicanos hispano-parlantes de <strong>Snyder<\/strong> (Texas). En 1961 le deuxi\u00e8me groupe de Soeurs s\u2019est charg\u00e9 \u00e9galement d\u2019une \u00e9cole, cat\u00e9ch\u00e8se et du travail social parmi les habitants de langue espagnole, de la Dioc\u00e8se \u00ab Amarillo \u00bb et maintenant Dioc\u00e8se de Saint Angelo.<\/p>\n<p><span class=\"txt-rojo\">AU CONGO:<\/span><br \/>\nCinq Missionnaires ont ouvert la premi\u00e8re mission \u00e0 la fin de Septembre 1961, \u00e9tablissant une maison pour r\u00e9aliser sa mission \u00e9vang\u00e9lisatrice \u00e0 travers du travail \u00e9ducatif, m\u00e9dical et social avec les congolais du Dioc\u00e8se <strong>d\u2019Idiofa<\/strong>.<\/p>\n<p><span class=\"txt-rojo\">A COLOMBIE:<\/span><br \/>\n\u00c0 l\u2019ann\u00e9e 1965, en <strong>Medellin<\/strong> si\u00e8ge du Dioc\u00e8se d\u2019Antioquia.<\/p>\n<p><span class=\"txt-rojo\">CONGO-BRAZZAVILLE:<\/span><br \/>\n<strong>M\u2019Fouati<\/strong>: Est fond\u00e9e lors du jubilaire de 25 ann\u00e9es dans le Za\u00efre (Congo) en 1985-1999.<\/p>\n<p><strong>DERNI\u00c8RES PR\u00c9SENCES G\u00c9OGRAPHIQUES <\/strong><\/p>\n<p><span class=\"txt-rojo\">CAMBODGE 1999 <\/span><br \/>\nEn 1999 sont arriv\u00e9es Bertha Vigo et Helen Menezes et sont rest\u00e9es en Pnom Penh, la capitale, pour \u00e9tudier la langue Khmer.<br \/>\n<strong>Suong<\/strong> 2000 &#8211; 2004<br \/>\n<strong>Poipet<\/strong> 2006<\/p>\n<p><span class=\"txt-rojo\">MAROC 1999<\/span><br \/>\nM\u00aa Luisa Ruiz et Olga Castro sont arriv\u00e9es en mi-1999 elles ont commenc\u00e9 par l\u2019\u00e9tude de la langue et le pays.<br \/>\n<strong>T\u00e9tuan<\/strong> 2000 &#8211; 2010<br \/>\n<strong>Taza<\/strong> 2003<\/p>\n<p><span class=\"txt-rojo\">TCHAD 2001 <\/span><br \/>\nLes s\u0153urs sont arriv\u00e9es \u00e0 la mission de Baktchoro (Dioc\u00e8ses de La\u00ef) le 13 octobre. Elles sont parties de la R\u00e9gion du Congo (RDC).<br \/>\n<strong>Baktchoro<\/strong> 2001<br \/>\n<strong>Kelo<\/strong> 2003<\/p>\n<p><span class=\"txt-rojo\">HA\u00cfTI 2002<\/span><br \/>\nelles sont parties de la R\u00e9gion de la Colombie.<br \/>\n<strong>Bombardopolis<\/strong> 2002<br \/>\n<strong>Port Prince<\/strong> 2014<\/p>\n","protected":false},"excerpt":{"rendered":"<p>NOTRE PREMI\u00c8RE EXPANSION G\u00c9OGRAPHIQUE HORS D\u2019ESPAGNE \u00c0 L\u2019INDE: En D\u00e9cembre 1950, quatre missionnaires sont parties pour \u00e9tablir notre premi\u00e8re maison en Surat, dans l\u2019Archidioc\u00e8se de Bombay, en se faisant charge d\u2019une L\u00e9proserie. AU P\u00c9ROU: Aussi en 1950, autres six Missionnaires sont parties pour prendre \u00e0 charge le travail \u00e9ducatif, m\u00e9dical et social de Lagunas, Vicariat &hellip; <\/p>\n<p class=\"link-more\"><a href=\"https:\/\/www.companiamisionera.es\/fr\/identite\/expansion-missionnaire\/\" class=\"more-link\">Continue reading<span class=\"screen-reader-text\"> \u00ab\u00a0Expansion Missionnaire\u00a0\u00bb<\/span><\/a><\/p>\n","protected":false},"author":3,"featured_media":0,"parent":977,"menu_order":0,"comment_status":"closed","ping_status":"closed","template":"page-expansion.php","meta":{"footnotes":""},"class_list":["post-1887","page","type-page","status-publish","hentry"],"_links":{"self":[{"href":"https:\/\/www.companiamisionera.es\/fr\/wp-json\/wp\/v2\/pages\/1887\/"}],"collection":[{"href":"https:\/\/www.companiamisionera.es\/fr\/wp-json\/wp\/v2\/pages\/"}],"about":[{"href":"https:\/\/www.companiamisionera.es\/fr\/wp-json\/wp\/v2\/types\/page\/"}],"author":[{"embeddable":true,"href":"https:\/\/www.companiamisionera.es\/fr\/wp-json\/wp\/v2\/users\/3\/"}],"replies":[{"embeddable":true,"href":"https:\/\/www.companiamisionera.es\/fr\/wp-json\/wp\/v2\/comments\/?post=1887"}],"version-history":[{"count":4,"href":"https:\/\/www.companiamisionera.es\/fr\/wp-json\/wp\/v2\/pages\/1887\/revisions\/"}],"predecessor-version":[{"id":2392,"href":"https:\/\/www.companiamisionera.es\/fr\/wp-json\/wp\/v2\/pages\/1887\/revisions\/2392\/"}],"up":[{"embeddable":true,"href":"https:\/\/www.companiamisionera.es\/fr\/wp-json\/wp\/v2\/pages\/977\/"}],"wp:attachment":[{"href":"https:\/\/www.companiamisionera.es\/fr\/wp-json\/wp\/v2\/media\/?parent=1887"}],"curies":[{"name":"wp","href":"https:\/\/api.w.org\/{rel}","templated":true}]}}