{"id":1681,"date":"2018-11-22T10:03:42","date_gmt":"2018-11-22T09:03:42","guid":{"rendered":"http:\/\/www.companiamisionera.es\/?page_id=1681"},"modified":"2023-11-30T12:38:26","modified_gmt":"2023-11-30T11:38:26","slug":"laics-laiques","status":"publish","type":"page","link":"https:\/\/www.companiamisionera.es\/fr\/laics-laiques\/","title":{"rendered":"La\u00efcs \/ La\u00efques"},"content":{"rendered":"<p>Depuis quelques ann\u00e9es, et en r\u00e9ponse \u00e0 ce l\u2019on voyait comme l\u2019un des Signes des Temps, la Compagnie Missionnaire commen\u00e7a \u00e0 faire quelques pas pour PARTAGER LE CHARISME, LA SPIRITUALITE ET LA MISSION AVEC DES LA\u00cfCS \/LA\u00cfQUES. Du chemin a \u00e9t\u00e9 fait depuis.<\/p>\n<p>Nous partageons le Charisme et la Spiritualit\u00e9 avec les La\u00efcs et La\u00efques, sachant que cela demande que les deux parties, accueillent le d\u00e9fi de t\u00e9moigner clairement de l\u2019identit\u00e9 Religieuse ou La\u00efque de chacun, car il s\u2019agit de vocations diff\u00e9rentes.<\/p>\n<p>Nous comprenons que la Mission est partag\u00e9e non pour participer aux m\u00eames t\u00e2ches apostoliques, mais quand les unes et les autres nous mettons en commun l\u2019exp\u00e9rience de mission que nous vivons. C\u2019est l\u00e0 o\u00f9 se r\u00e9v\u00e8lent les traits du Charisme, per\u00e7us par chacun, chacune, avec leurs propres nuances, \u00e0 partir des dons personnels re\u00e7us. Il est important de partager la Spiritualit\u00e9 avec laquelle nous vivons la mission.<\/p>\n<p>Nous croyons que partager le Charisme et la Spiritualit\u00e9, exige communion de vie et sentiment \u00e0 partir de vocations et options diff\u00e9rentes. Les formes de cette communion seront vari\u00e9s selon les personnes et les circonstances: rencontres occasionnelles ou syst\u00e9matiques, accompagnement personnel, ou former part d\u2019une communaut\u00e9 pour un temps d\u00e9termin\u00e9. Ce qui est indispensable c\u2019est qu\u2019\u00e0 travers la relation se donne une Communion R\u00e9elle entre chaque la\u00efc\/la\u00efque et la Compagnie Missionnaire.<\/p>\n","protected":false},"excerpt":{"rendered":"<p>Depuis quelques ann\u00e9es, et en r\u00e9ponse \u00e0 ce l\u2019on voyait comme l\u2019un des Signes des Temps, la Compagnie Missionnaire commen\u00e7a \u00e0 faire quelques pas pour PARTAGER LE CHARISME, LA SPIRITUALITE ET LA MISSION AVEC DES LA\u00cfCS \/LA\u00cfQUES. Du chemin a \u00e9t\u00e9 fait depuis. Nous partageons le Charisme et la Spiritualit\u00e9 avec les La\u00efcs et La\u00efques, &hellip; <\/p>\n<p class=\"link-more\"><a href=\"https:\/\/www.companiamisionera.es\/fr\/laics-laiques\/\" class=\"more-link\">Continue reading<span class=\"screen-reader-text\"> \u00ab\u00a0La\u00efcs \/ La\u00efques\u00a0\u00bb<\/span><\/a><\/p>\n","protected":false},"author":3,"featured_media":0,"parent":0,"menu_order":0,"comment_status":"closed","ping_status":"closed","template":"page-laicos.php","meta":{"footnotes":""},"class_list":["post-1681","page","type-page","status-publish","hentry"],"_links":{"self":[{"href":"https:\/\/www.companiamisionera.es\/fr\/wp-json\/wp\/v2\/pages\/1681\/"}],"collection":[{"href":"https:\/\/www.companiamisionera.es\/fr\/wp-json\/wp\/v2\/pages\/"}],"about":[{"href":"https:\/\/www.companiamisionera.es\/fr\/wp-json\/wp\/v2\/types\/page\/"}],"author":[{"embeddable":true,"href":"https:\/\/www.companiamisionera.es\/fr\/wp-json\/wp\/v2\/users\/3\/"}],"replies":[{"embeddable":true,"href":"https:\/\/www.companiamisionera.es\/fr\/wp-json\/wp\/v2\/comments\/?post=1681"}],"version-history":[{"count":4,"href":"https:\/\/www.companiamisionera.es\/fr\/wp-json\/wp\/v2\/pages\/1681\/revisions\/"}],"predecessor-version":[{"id":3975,"href":"https:\/\/www.companiamisionera.es\/fr\/wp-json\/wp\/v2\/pages\/1681\/revisions\/3975\/"}],"wp:attachment":[{"href":"https:\/\/www.companiamisionera.es\/fr\/wp-json\/wp\/v2\/media\/?parent=1681"}],"curies":[{"name":"wp","href":"https:\/\/api.w.org\/{rel}","templated":true}]}}