{"id":1617,"date":"2018-11-22T09:34:06","date_gmt":"2018-11-22T08:34:06","guid":{"rendered":"http:\/\/www.companiamisionera.es\/?page_id=1617"},"modified":"2023-11-30T12:46:27","modified_gmt":"2023-11-30T11:46:27","slug":"pastorale-des-jeunes","status":"publish","type":"page","link":"https:\/\/www.companiamisionera.es\/fr\/pastorale-des-jeunes\/","title":{"rendered":"Pastorale des Jeunes"},"content":{"rendered":"<p>En bien des endroits du monde, les jeunes vivent dans des conditions particuli\u00e8rement dures, dans lesquelles il devient difficile de se frayer un espace de choix de vie authentiques, en l\u2019absence de marges \u2013 m\u00eame minimes \u2013 d\u2019exercice de la libert\u00e9. Pensons aux jeunes en situation de pauvret\u00e9 et d\u2019exclusion ; \u00e0 ceux qui grandissent sans parents ni famille, ou encore qui n\u2019ont pas la possibilit\u00e9 d\u2019aller \u00e0 l\u2019\u00e9cole ; aux enfants et aux jeunes de la rue dans de nombreuses banlieues ; aux jeunes sans travail, r\u00e9fugi\u00e9s et migrants ; \u00e0 ceux qui sont victimes de l\u2019exploitation, de la traite d\u2019\u00eatres humains et de l\u2019esclavage ; aux enfants et aux jeunes enr\u00f4l\u00e9s de force dans des bandes criminelles ou dans des milices irr\u00e9guli\u00e8res ; aux femmes-enfants ou aux fillettes contraintes de se marier contre leur volont\u00e9. Bien trop nombreux sont ceux qui passent directement de l\u2019enfance \u00e0 l\u2019\u00e2ge adulte et \u00e0 une charge de responsabilit\u00e9 qu\u2019ils n\u2019ont pas pu choisir. (Document pr\u00e9paratoire du Synode de Jeunes 2018).<\/p>\n<p>Vers une g\u00e9n\u00e9ration (hyper)connect\u00e9e Les jeunes g\u00e9n\u00e9rations sont aujourd\u2019hui caract\u00e9ris\u00e9es par le rapport avec les technologies modernes de la communication et avec ce que l\u2019on appelle commun\u00e9ment le \u201c monde virtuel \u201d, mais qui comporte aussi des effets bien r\u00e9els. Celui-ci offre des possibilit\u00e9s d\u2019acc\u00e8s \u00e0 une s\u00e9rie d\u2019opportunit\u00e9s que les g\u00e9n\u00e9rations pr\u00e9c\u00e9dentes n\u2019avaient pas et, en m\u00eame temps, il pr\u00e9sente certains risques. Il est tr\u00e8s important de mettre en \u00e9vidence le fait que l\u2019exp\u00e9rience de relations relay\u00e9es technologiquement structure la conception du monde, de la r\u00e9alit\u00e9 et des rapports interpersonnels ; c\u2019est \u00e0 cela qu\u2019est appel\u00e9e \u00e0 se confronter l\u2019action pastorale, qui a besoin de d\u00e9velopper une culture ad\u00e9quate. (document pr\u00e9paratoire du Synode de Jeunes 2018)<\/p>\n","protected":false},"excerpt":{"rendered":"<p>En bien des endroits du monde, les jeunes vivent dans des conditions particuli\u00e8rement dures, dans lesquelles il devient difficile de se frayer un espace de choix de vie authentiques, en l\u2019absence de marges \u2013 m\u00eame minimes \u2013 d\u2019exercice de la libert\u00e9. Pensons aux jeunes en situation de pauvret\u00e9 et d\u2019exclusion ; \u00e0 ceux qui grandissent &hellip; <\/p>\n<p class=\"link-more\"><a href=\"https:\/\/www.companiamisionera.es\/fr\/pastorale-des-jeunes\/\" class=\"more-link\">Continue reading<span class=\"screen-reader-text\"> \u00ab\u00a0Pastorale des Jeunes\u00a0\u00bb<\/span><\/a><\/p>\n","protected":false},"author":3,"featured_media":0,"parent":0,"menu_order":0,"comment_status":"closed","ping_status":"closed","template":"page-pastoral.php","meta":{"footnotes":""},"class_list":["post-1617","page","type-page","status-publish","hentry"],"_links":{"self":[{"href":"https:\/\/www.companiamisionera.es\/fr\/wp-json\/wp\/v2\/pages\/1617\/"}],"collection":[{"href":"https:\/\/www.companiamisionera.es\/fr\/wp-json\/wp\/v2\/pages\/"}],"about":[{"href":"https:\/\/www.companiamisionera.es\/fr\/wp-json\/wp\/v2\/types\/page\/"}],"author":[{"embeddable":true,"href":"https:\/\/www.companiamisionera.es\/fr\/wp-json\/wp\/v2\/users\/3\/"}],"replies":[{"embeddable":true,"href":"https:\/\/www.companiamisionera.es\/fr\/wp-json\/wp\/v2\/comments\/?post=1617"}],"version-history":[{"count":6,"href":"https:\/\/www.companiamisionera.es\/fr\/wp-json\/wp\/v2\/pages\/1617\/revisions\/"}],"predecessor-version":[{"id":3976,"href":"https:\/\/www.companiamisionera.es\/fr\/wp-json\/wp\/v2\/pages\/1617\/revisions\/3976\/"}],"wp:attachment":[{"href":"https:\/\/www.companiamisionera.es\/fr\/wp-json\/wp\/v2\/media\/?parent=1617"}],"curies":[{"name":"wp","href":"https:\/\/api.w.org\/{rel}","templated":true}]}}