{"id":977,"date":"2018-11-21T08:42:03","date_gmt":"2018-11-21T07:42:03","guid":{"rendered":"http:\/\/www.companiamisionera.es\/?page_id=977"},"modified":"2023-11-30T12:13:41","modified_gmt":"2023-11-30T11:13:41","slug":"identite","status":"publish","type":"page","link":"http:\/\/www.companiamisionera.es\/fr\/identite\/","title":{"rendered":"Identit\u00e9"},"content":{"rendered":"<p>La Compagnie Missionnaire du Sacr\u00e9-C\u0153ur de J\u00e9sus na\u00eet de l\u2019exp\u00e9rience de l\u2019amour de Dieu qui, dans son Fils, veut sauver tous les hommes. Elle r\u00e9pond \u00e0 cet amour par la donation inconditionnelle au C\u0153ur du Christ et \u00e0 son \u00c9glise, en cherchant toujours la plus grande gloire de Dieu.<\/p>\n<p>La Compagnie Missionnaire du Sacr\u00e9-C\u0153ur de J\u00e9sus est une Congr\u00e9gation religieuse f\u00e9minine de droit pontifical, uniquement et exclusivement missionnaire. La cons\u00e9cration de ses membres \u00e0 la suite totale de J\u00e9sus-Christ, s\u2019exprime en vivant en fraternit\u00e9 \u00e9vang\u00e9lique, les v\u0153ux de chastet\u00e9, de pauvret\u00e9 et d\u2019ob\u00e9issance et par l\u2019engagement dans l\u2019activit\u00e9 missionnaire de l\u2019Eglise.<\/p>\n<p>La Compagnie Missionnaire, participant de la mission de l\u2019Eglise, est totalement au service de l\u2019\u00e9vangelisation, au milieu des peuples ou groupes humains.<\/p>\n","protected":false},"excerpt":{"rendered":"<p>La Compagnie Missionnaire du Sacr\u00e9-C\u0153ur de J\u00e9sus na\u00eet de l\u2019exp\u00e9rience de l\u2019amour de Dieu qui, dans son Fils, veut sauver tous les hommes. Elle r\u00e9pond \u00e0 cet amour par la donation inconditionnelle au C\u0153ur du Christ et \u00e0 son \u00c9glise, en cherchant toujours la plus grande gloire de Dieu. La Compagnie Missionnaire du Sacr\u00e9-C\u0153ur de &hellip; <\/p>\n<p class=\"link-more\"><a href=\"http:\/\/www.companiamisionera.es\/fr\/identite\/\" class=\"more-link\">Continue reading<span class=\"screen-reader-text\"> \u00ab\u00a0Identit\u00e9\u00a0\u00bb<\/span><\/a><\/p>\n","protected":false},"author":3,"featured_media":0,"parent":0,"menu_order":0,"comment_status":"closed","ping_status":"closed","template":"page-identidad.php","meta":{"footnotes":""},"class_list":["post-977","page","type-page","status-publish","hentry"],"_links":{"self":[{"href":"http:\/\/www.companiamisionera.es\/fr\/wp-json\/wp\/v2\/pages\/977\/"}],"collection":[{"href":"http:\/\/www.companiamisionera.es\/fr\/wp-json\/wp\/v2\/pages\/"}],"about":[{"href":"http:\/\/www.companiamisionera.es\/fr\/wp-json\/wp\/v2\/types\/page\/"}],"author":[{"embeddable":true,"href":"http:\/\/www.companiamisionera.es\/fr\/wp-json\/wp\/v2\/users\/3\/"}],"replies":[{"embeddable":true,"href":"http:\/\/www.companiamisionera.es\/fr\/wp-json\/wp\/v2\/comments\/?post=977"}],"version-history":[{"count":1,"href":"http:\/\/www.companiamisionera.es\/fr\/wp-json\/wp\/v2\/pages\/977\/revisions\/"}],"predecessor-version":[{"id":3970,"href":"http:\/\/www.companiamisionera.es\/fr\/wp-json\/wp\/v2\/pages\/977\/revisions\/3970\/"}],"wp:attachment":[{"href":"http:\/\/www.companiamisionera.es\/fr\/wp-json\/wp\/v2\/media\/?parent=977"}],"curies":[{"name":"wp","href":"https:\/\/api.w.org\/{rel}","templated":true}]}}