{"id":1898,"date":"2018-11-22T12:56:01","date_gmt":"2018-11-22T11:56:01","guid":{"rendered":"http:\/\/www.companiamisionera.es\/?page_id=1898"},"modified":"2018-11-22T12:57:18","modified_gmt":"2018-11-22T11:57:18","slug":"fondatrice","status":"publish","type":"page","link":"http:\/\/www.companiamisionera.es\/fr\/fondatrice\/","title":{"rendered":"Fondatrice"},"content":{"rendered":"<p>La M\u00e8re Pilar Navarro est n\u00e9e en Cuenca en D\u00e9cembre 1908, elle est entr\u00e9e dans la naissante Compagnie le 20 F\u00e9vrier 1942. Elle est justement consid\u00e9r\u00e9e pour le D\u00e9cret <strong>d\u2019\u00c9rection<\/strong> et pour toutes les Missionnaires comme la\u00a0 <strong>Fondatrice de la Compagnie<\/strong>, puisqu\u2019elle a pris \u00e0 sa charge la petite Communaut\u00e9 peu de temps \u00e2pres son entr\u00e9e, quand tout semblait s\u2019effondrer d\u2019un moment \u00e0 l\u2019autre.<\/p>\n<p>Certainement elle a donn\u00e9 \u00e0 la Compagnie sa vie enti\u00e8re. Sa foi in\u00e9branlable en Dieu, son incessant travail, son c\u0153ur ardent, ont fait possible tout ce qu\u2019aujourd\u2019hui\u00a0 existe dans la Congr\u00e9gation.<\/p>\n<p>Elle a exerc\u00e9 la charge de Sup\u00e9rieure G\u00e9n\u00e9rale de 1944 \u00e0 1966. De rien, mieux dit, de sa foi et sa confiance dans la Volont\u00e9 de Dieu et sa Providence, a construit sur base solide une Institution Missionnaire qui a \u00e9tendu son travail apostolique par le monde entier.<\/p>\n<p>La Madre Pilar Navarro l\u2019a inspir\u00e9 un grand, sobre et joyeux esprit surnaturel avec sa parole et avec son exemple. \u00c0 partir des possibilit\u00e9s de la Compagnie, elle a favoris\u00e9 d\u00e8s les commencements une solide formation intellectuelle et pratique, et surtout religieuse en ses missionnaires, m\u00eame au milieu d\u2019incomptables obstacles. Avec elle, nous ne pouvons pas oublier \u00e0 la M\u00e8re M\u00aa Isabel Alonso, Vice-Sup\u00e9rieure G\u00e9n\u00e9rale d\u00e8s les commencements et fid\u00e8le collaboratrice et aide insubstituable de la M\u00e8re en tout moment. Et \u00e0 leur c\u00f4t\u00e9, le groupe des premi\u00e8res missionnaires, qu\u2019en collaboration intime et enthousiaste,\u00a0 ont plac\u00e9s les bases dans l\u2019\u0153uvre de la Compagnie, La M\u00e8re Pilar Navarro est d\u00e9c\u00e9d\u00e9e le 23\u00a0 Mars\u00a0 2006.<\/p>\n","protected":false},"excerpt":{"rendered":"<p>La M\u00e8re Pilar Navarro est n\u00e9e en Cuenca en D\u00e9cembre 1908, elle est entr\u00e9e dans la naissante Compagnie le 20 F\u00e9vrier 1942. Elle est justement consid\u00e9r\u00e9e pour le D\u00e9cret d\u2019\u00c9rection et pour toutes les Missionnaires comme la\u00a0 Fondatrice de la Compagnie, puisqu\u2019elle a pris \u00e0 sa charge la petite Communaut\u00e9 peu de temps \u00e2pres son &hellip; <\/p>\n<p class=\"link-more\"><a href=\"http:\/\/www.companiamisionera.es\/fr\/fondatrice\/\" class=\"more-link\">Continue reading<span class=\"screen-reader-text\"> \u00ab\u00a0Fondatrice\u00a0\u00bb<\/span><\/a><\/p>\n","protected":false},"author":3,"featured_media":0,"parent":0,"menu_order":0,"comment_status":"closed","ping_status":"closed","template":"page-fundadora.php","meta":{"footnotes":""},"class_list":["post-1898","page","type-page","status-publish","hentry"],"_links":{"self":[{"href":"http:\/\/www.companiamisionera.es\/fr\/wp-json\/wp\/v2\/pages\/1898\/"}],"collection":[{"href":"http:\/\/www.companiamisionera.es\/fr\/wp-json\/wp\/v2\/pages\/"}],"about":[{"href":"http:\/\/www.companiamisionera.es\/fr\/wp-json\/wp\/v2\/types\/page\/"}],"author":[{"embeddable":true,"href":"http:\/\/www.companiamisionera.es\/fr\/wp-json\/wp\/v2\/users\/3\/"}],"replies":[{"embeddable":true,"href":"http:\/\/www.companiamisionera.es\/fr\/wp-json\/wp\/v2\/comments\/?post=1898"}],"version-history":[{"count":0,"href":"http:\/\/www.companiamisionera.es\/fr\/wp-json\/wp\/v2\/pages\/1898\/revisions\/"}],"wp:attachment":[{"href":"http:\/\/www.companiamisionera.es\/fr\/wp-json\/wp\/v2\/media\/?parent=1898"}],"curies":[{"name":"wp","href":"https:\/\/api.w.org\/{rel}","templated":true}]}}