{"id":1873,"date":"2018-11-22T12:40:20","date_gmt":"2018-11-22T11:40:20","guid":{"rendered":"http:\/\/www.companiamisionera.es\/?page_id=1873"},"modified":"2023-11-30T12:18:00","modified_gmt":"2023-11-30T11:18:00","slug":"histoire","status":"publish","type":"page","link":"http:\/\/www.companiamisionera.es\/fr\/identite\/histoire\/","title":{"rendered":"Histoire"},"content":{"rendered":"<p>La Compagnie Missionnaire du Sacr\u00e9-C\u0153ur de J\u00e9sus est fond\u00e9e \u00e0 Madrid, en Espagne, le 11 mai 1942, jour o\u00f9 elle a \u00e9t\u00e9 reconnue par l\u2019\u00c9glise comme \u00ab pieuse union \u00bb avec l\u2019approbation de ses premiers statuts. Cf. : D\u00e9cret d\u2019\u00e9rection 1942.<\/p>\n<p>Le premier \u00e9lan de la fondation remonte \u00e0 l\u2019ann\u00e9e 1938 quand une jeune fille, appel\u00e9e Elena Ramos, se sentant avec une vocation exclusivement missionnaire, et ne trouvant aucun institut qui tenant \u00e0 l\u2019esprit et aux r\u00e8gles de Saint Ignace, lui assure la r\u00e9alisation de sa vocation en pays de mission, d\u00e9cide d\u2019en fonder un. Bient\u00f4t vont la rejoindre d\u2019autres jeunes filles qui partagent avec elle le m\u00eame appel missionnaire. Cf. : Documents historique, p. 28<br \/>\nLe 20 f\u00e9vrier 1942, entre pour faire partie du groupe Pilar Navarro Garrido, n\u00e9e \u00e0 Casas de Benitez (Cuenca), le 14 d\u00e9cembre 1908. Deux ann\u00e9es plus tard, en 1944, elle est nomm\u00e9e directrice de l\u2019Institut par l\u2019\u00e9v\u00eaque de Madrid-Alcal\u00e1. A partir de cette date-l\u00e0, tout le groupe des s\u0153urs qui restent la consid\u00e8rent comme la vraie fondatrice.<\/p>\n<p>En 1943 entre M. Isabel Alonso Alvarez. Bient\u00f4t elle devient \u00ab la main droite \u00bb et \u00ab le plus ferme appui \u00bb de M. Pilar Navarro. Le groupe les voit \u00ab comme une seule chose \u00bb.<\/p>\n<p>Le P. Angel Ayala Alarc\u00f3n s.j. assume depuis le d\u00e9but l\u2019accompagnement spiritual du groupe, sur le conseil de l\u2019ev\u00eaque du dioc\u00e8se de Madrid-Alcal\u00e1, Dr. Leopoldo Eijo y Garay.<\/p>\n<p>Le 5 mai 1954, la Compagnie Missionnaire du Sacr\u00e9-C\u0153ur de J\u00e9sus re\u00e7oit le d\u00e9cret d\u2019\u00e9rection comme congr\u00e9gation religieuse de droit dioc\u00e9sain. Le D\u00e9cret confirme M. Pilar Navarro Garrido comme fondatrice pour \u201csa cons\u00e9cration \u00e0 l\u2019Institut, pr\u00e9voyant infatigablement \u00e0 tout \u00bb.<\/p>\n<p>La Compagnie Missionnaire du Sacr\u00e9-C\u0153ur de J\u00e9sus na\u00eet de l\u2019exp\u00e9rience de l\u2019amour de Dieu qui, dans son Fils, veut sauver tous les homes. Elle r\u00e9pond \u00e0 cet amour par la donation inconditionnelle au C\u0153ur du Christ et \u00e0 son \u00c9glise. Sa spiritualit\u00e9 trouve dans la C\u0153ur du Christ, essence de l\u2019amour pour Dieu et pour l\u2019homme, l\u2019aspect le plus profond par lequel nous pouvons p\u00e9n\u00e9trer dans la connaissance de J\u00e9sus et, par Lui, dans la connaissance de l\u2019amour de Dieu pour les homes. Pour vivre notre cons\u00e9cration et la manifester, nous avons une mani\u00e8re qui nous est propre : c\u2019est \u00e9vang\u00e9liser en aimant qui nous porte \u00e0 les lib\u00e9rer et restaurer en eux l\u2019image du Christ, d\u00e9truite par le p\u00e9ch\u00e9.<\/p>\n","protected":false},"excerpt":{"rendered":"<p>La Compagnie Missionnaire du Sacr\u00e9-C\u0153ur de J\u00e9sus est fond\u00e9e \u00e0 Madrid, en Espagne, le 11 mai 1942, jour o\u00f9 elle a \u00e9t\u00e9 reconnue par l\u2019\u00c9glise comme \u00ab pieuse union \u00bb avec l\u2019approbation de ses premiers statuts. Cf. : D\u00e9cret d\u2019\u00e9rection 1942. Le premier \u00e9lan de la fondation remonte \u00e0 l\u2019ann\u00e9e 1938 quand une jeune fille, &hellip; <\/p>\n<p class=\"link-more\"><a href=\"http:\/\/www.companiamisionera.es\/fr\/identite\/histoire\/\" class=\"more-link\">Continue reading<span class=\"screen-reader-text\"> \u00ab\u00a0Histoire\u00a0\u00bb<\/span><\/a><\/p>\n","protected":false},"author":3,"featured_media":0,"parent":977,"menu_order":0,"comment_status":"closed","ping_status":"closed","template":"page-historia.php","meta":{"footnotes":""},"class_list":["post-1873","page","type-page","status-publish","hentry"],"_links":{"self":[{"href":"http:\/\/www.companiamisionera.es\/fr\/wp-json\/wp\/v2\/pages\/1873\/"}],"collection":[{"href":"http:\/\/www.companiamisionera.es\/fr\/wp-json\/wp\/v2\/pages\/"}],"about":[{"href":"http:\/\/www.companiamisionera.es\/fr\/wp-json\/wp\/v2\/types\/page\/"}],"author":[{"embeddable":true,"href":"http:\/\/www.companiamisionera.es\/fr\/wp-json\/wp\/v2\/users\/3\/"}],"replies":[{"embeddable":true,"href":"http:\/\/www.companiamisionera.es\/fr\/wp-json\/wp\/v2\/comments\/?post=1873"}],"version-history":[{"count":1,"href":"http:\/\/www.companiamisionera.es\/fr\/wp-json\/wp\/v2\/pages\/1873\/revisions\/"}],"predecessor-version":[{"id":3972,"href":"http:\/\/www.companiamisionera.es\/fr\/wp-json\/wp\/v2\/pages\/1873\/revisions\/3972\/"}],"up":[{"embeddable":true,"href":"http:\/\/www.companiamisionera.es\/fr\/wp-json\/wp\/v2\/pages\/977\/"}],"wp:attachment":[{"href":"http:\/\/www.companiamisionera.es\/fr\/wp-json\/wp\/v2\/media\/?parent=1873"}],"curies":[{"name":"wp","href":"https:\/\/api.w.org\/{rel}","templated":true}]}}